{"id":217,"date":"2016-08-15T22:56:25","date_gmt":"2016-08-15T20:56:25","guid":{"rendered":"https:\/\/du-bist-grieche.de\/agora\/?page_id=217"},"modified":"2021-04-08T20:04:15","modified_gmt":"2021-04-08T18:04:15","slug":"impressum","status":"publish","type":"page","link":"https:\/\/du-bist-grieche.de\/agora\/impressum","title":{"rendered":"Impressum"},"content":{"rendered":"\n<p>Inhaltlich verantwortlich gem\u00e4\u00df \u00a7 55 Abs. 2 RStV:<\/p>\n\n\n\n<figure class=\"wp-block-image size-large\"><img loading=\"lazy\" decoding=\"async\" width=\"234\" height=\"185\" src=\"https:\/\/du-bist-grieche.de\/agora\/wp-content\/uploads\/2021\/04\/impressum.png\" alt=\"\" class=\"wp-image-3211\"\/><\/figure>\n\n\n\n<p>Unsere <a href=\"https:\/\/du-bist-grieche.de\/agora\/agb\">AGB<\/a> zum Branchenbuch im Detail.<\/p>\n\n\n\n<h2 class=\"wp-block-heading\">Datenschutz<\/h2>\n\n\n\n<p>AGORA ist ein Online-Branchenbuch f\u00fcr griechische Firmen, um sich im deutschsprachigen Raum zeitgem\u00e4\u00df pr\u00e4sentieren zu k\u00f6nnen. Hierbei werden durch du-bist-grieche.de personenbezogene Daten von Ansprechpartnern sowie erforderliche Daten zur Zahlungsabwicklung im Rahmen der Vertragserf\u00fcllung verarbeitet. Ohne diese Daten ist eine Vertragsdurchf\u00fchrung nicht m\u00f6glich. Die Rechtsgrundlage hierf\u00fcr ist Art. 6 Abs. 1 lit. b DS-GVO. Sollten Firmen weitere personenbezogene Daten auf der jeweiligen Firmenpr\u00e4senz auf AGORA darstellen, erfolgt dies in eigener Verantwortlichkeit. Wir geben Ihre personenbezogenen Daten bei AGORA ohne Ihr Einverst\u00e4ndnis nicht an Dritte weiter. Die oben genannten personenbezogenen Daten werden durch uns gel\u00f6scht, wenn sie f\u00fcr die Vertragserf\u00fcllung nicht mehr notwendig sind, es sei denn wir sind aufgrund gesetzlicher Aufbewahrungsfristen hierzu verpflichtet. Ihre personenbezogenen Daten werden an einen Zahlungsdienstleister \u00fcbermittelt, sollten Sie eines unserer kostenpflichtigen Angebote auf AGORA in Anspruch nehmen. Die Verbindung zum Anbieter erfolgt \u00fcber eine verschl\u00fcsselte HTTPS-Verbindung. Wir speichern die personenbezogenen Daten in AGORA bis zur Beendigung der Vertragsbeziehung, es sei denn gesetzliche Aufbewahrungsfristen verpflichten uns zur einer weiteren Datenspeicherung.<\/p>\n\n\n\n<p>&gt; Hier gibt es weitere Informationen zum <a href=\"http:\/\/du-bist-grieche.de\/datenschutz\" target=\"_blank\" rel=\"noopener\">Datenschutz<\/a><\/p>\n\n\n\n<h2 class=\"wp-block-heading\">Haftungsausschluss (Disclaimer)<\/h2>\n\n\n\n<p><strong>Haftung f\u00fcr Inhalte<\/strong><\/p>\n\n\n\n<p>Als Diensteanbieter sind wir gem\u00e4\u00df \u00a7 7 Abs.1 TMG f\u00fcr eigene Inhalte auf diesen Seiten nach den allgemeinen Gesetzen verantwortlich. Nach \u00a7\u00a7 8 bis 10 TMG sind wir als Diensteanbieter jedoch nicht verpflichtet, \u00fcbermittelte oder gespeicherte fremde Informationen zu \u00fcberwachen oder nach Umst\u00e4nden zu forschen, die auf eine rechtswidrige T\u00e4tigkeit hinweisen. Verpflichtungen zur Entfernung oder Sperrung der Nutzung von Informationen nach den allgemeinen Gesetzen bleiben hiervon unber\u00fchrt. Eine diesbez\u00fcgliche Haftung ist jedoch erst ab dem Zeitpunkt der Kenntnis einer konkreten Rechtsverletzung m\u00f6glich. Bei Bekanntwerden von entsprechenden Rechtsverletzungen werden wir diese Inhalte umgehend entfernen.<\/p>\n\n\n\n<p><strong>Haftung f\u00fcr Links<\/strong><\/p>\n\n\n\n<p>Unser Angebot enth\u00e4lt Links zu externen Webseiten Dritter, auf deren Inhalte wir keinen Einfluss haben. Deshalb k\u00f6nnen wir f\u00fcr diese fremden Inhalte auch keine Gew\u00e4hr \u00fcbernehmen. F\u00fcr die Inhalte der verlinkten Seiten ist stets der jeweilige Anbieter oder Betreiber der Seiten verantwortlich. Die verlinkten Seiten wurden zum Zeitpunkt der Verlinkung auf m\u00f6gliche Rechtsverst\u00f6\u00dfe \u00fcberpr\u00fcft. Rechtswidrige Inhalte waren zum Zeitpunkt der Verlinkung nicht erkennbar. Eine permanente inhaltliche Kontrolle der verlinkten Seiten ist jedoch ohne konkrete Anhaltspunkte einer Rechtsverletzung nicht zumutbar. Bei Bekanntwerden von Rechtsverletzungen werden wir derartige Links umgehend entfernen.<\/p>\n\n\n\n<p><strong>Urheberrecht<\/strong><\/p>\n\n\n\n<p>Die durch die Seitenbetreiber erstellten Inhalte und Werke auf diesen Seiten unterliegen dem deutschen Urheberrecht. Die Vervielf\u00e4ltigung, Bearbeitung, Verbreitung und jede Art der Verwertung au\u00dferhalb der Grenzen des Urheberrechtes bed\u00fcrfen der schriftlichen Zustimmung des jeweiligen Autors bzw. Erstellers. Downloads und Kopien dieser Seite sind nur f\u00fcr den privaten, nicht kommerziellen Gebrauch gestattet. Soweit die Inhalte auf dieser Seite nicht vom Betreiber erstellt wurden, werden die Urheberrechte Dritter beachtet. Insbesondere werden Inhalte Dritter als solche gekennzeichnet. Sollten Sie trotzdem auf eine Urheberrechtsverletzung aufmerksam werden, bitten wir um einen entsprechenden Hinweis. Bei Bekanntwerden von Rechtsverletzungen werden wir derartige Inhalte umgehend entfernen.<\/p>\n\n\n\n<p><strong>Beschwerdeverfahren<\/strong><\/p>\n\n\n<div class=\"woocommerce woocommerce-gzd woocommerce-gzd-complaints-shortcode\">\n\t\t\t<h3>Alternative Streitbeilegung gem\u00e4\u00df Art. 14 Abs. 1 ODR-VO und \u00a7 36 VSBG:<\/h3>\n\t\nZur Teilnahme an einem Streitbeilegungsverfahren vor einer Verbraucherschlichtungsstelle sind wir nicht verpflichtet und nicht bereit.<\/div>\n","protected":false},"excerpt":{"rendered":"<p>Inhaltlich verantwortlich gem\u00e4\u00df \u00a7 55 Abs. 2 RStV: Unsere AGB zum Branchenbuch im Detail. Datenschutz AGORA ist ein Online-Branchenbuch f\u00fcr griechische Firmen, um sich im deutschsprachigen Raum zeitgem\u00e4\u00df pr\u00e4sentieren zu k\u00f6nnen. Hierbei werden durch du-bist-grieche.de personenbezogene Daten von Ansprechpartnern sowie erforderliche Daten zur Zahlungsabwicklung im Rahmen der Vertragserf\u00fcllung verarbeitet. Ohne diese Daten ist eine Vertragsdurchf\u00fchrung&hellip;<\/p>\n","protected":false},"author":1,"featured_media":0,"parent":0,"menu_order":0,"comment_status":"closed","ping_status":"closed","template":"page-templates\/template-single-column.php","meta":{"inline_featured_image":false,"footnotes":""},"class_list":["post-217","page","type-page","status-publish","hentry","content-box content-box-wrapper"],"yoast_head":"<!-- This site is optimized with the Yoast SEO plugin v27.4 - https:\/\/yoast.com\/product\/yoast-seo-wordpress\/ -->\n<title>Impressum - AGORA griechisches Branchenbuch<\/title>\n<meta name=\"robots\" content=\"index, follow, max-snippet:-1, max-image-preview:large, max-video-preview:-1\" \/>\n<link rel=\"canonical\" href=\"https:\/\/du-bist-grieche.de\/agora\/impressum\" \/>\n<meta property=\"og:locale\" content=\"de_DE\" \/>\n<meta property=\"og:type\" content=\"article\" \/>\n<meta property=\"og:title\" content=\"Impressum - AGORA griechisches Branchenbuch\" \/>\n<meta property=\"og:description\" content=\"Inhaltlich verantwortlich gem\u00e4\u00df \u00a7 55 Abs. 2 RStV: Unsere AGB zum Branchenbuch im Detail. Datenschutz AGORA ist ein Online-Branchenbuch f\u00fcr griechische Firmen, um sich im deutschsprachigen Raum zeitgem\u00e4\u00df pr\u00e4sentieren zu k\u00f6nnen. Hierbei werden durch du-bist-grieche.de personenbezogene Daten von Ansprechpartnern sowie erforderliche Daten zur Zahlungsabwicklung im Rahmen der Vertragserf\u00fcllung verarbeitet. Ohne diese Daten ist eine Vertragsdurchf\u00fchrung&hellip;\" \/>\n<meta property=\"og:url\" content=\"https:\/\/du-bist-grieche.de\/agora\/impressum\" \/>\n<meta property=\"og:site_name\" content=\"AGORA griechisches Branchenbuch\" \/>\n<meta property=\"article:publisher\" content=\"https:\/\/www.facebook.com\/DuBistGrieche\/\" \/>\n<meta property=\"article:modified_time\" content=\"2021-04-08T18:04:15+00:00\" \/>\n<meta property=\"og:image\" content=\"https:\/\/du-bist-grieche.de\/agora\/wp-content\/uploads\/2021\/04\/impressum.png\" \/>\n<meta name=\"twitter:card\" content=\"summary_large_image\" \/>\n<meta name=\"twitter:label1\" content=\"Gesch\u00e4tzte Lesezeit\" \/>\n\t<meta name=\"twitter:data1\" content=\"3\u00a0Minuten\" \/>\n<script type=\"application\/ld+json\" class=\"yoast-schema-graph\">{\"@context\":\"https:\\\/\\\/schema.org\",\"@graph\":[{\"@type\":\"WebPage\",\"@id\":\"https:\\\/\\\/du-bist-grieche.de\\\/agora\\\/impressum\",\"url\":\"https:\\\/\\\/du-bist-grieche.de\\\/agora\\\/impressum\",\"name\":\"Impressum - AGORA griechisches Branchenbuch\",\"isPartOf\":{\"@id\":\"https:\\\/\\\/du-bist-grieche.de\\\/agora\\\/#website\"},\"primaryImageOfPage\":{\"@id\":\"https:\\\/\\\/du-bist-grieche.de\\\/agora\\\/impressum#primaryimage\"},\"image\":{\"@id\":\"https:\\\/\\\/du-bist-grieche.de\\\/agora\\\/impressum#primaryimage\"},\"thumbnailUrl\":\"https:\\\/\\\/du-bist-grieche.de\\\/agora\\\/wp-content\\\/uploads\\\/2021\\\/04\\\/impressum.png\",\"datePublished\":\"2016-08-15T20:56:25+00:00\",\"dateModified\":\"2021-04-08T18:04:15+00:00\",\"breadcrumb\":{\"@id\":\"https:\\\/\\\/du-bist-grieche.de\\\/agora\\\/impressum#breadcrumb\"},\"inLanguage\":\"de\",\"potentialAction\":[{\"@type\":\"ReadAction\",\"target\":[\"https:\\\/\\\/du-bist-grieche.de\\\/agora\\\/impressum\"]}]},{\"@type\":\"ImageObject\",\"inLanguage\":\"de\",\"@id\":\"https:\\\/\\\/du-bist-grieche.de\\\/agora\\\/impressum#primaryimage\",\"url\":\"https:\\\/\\\/du-bist-grieche.de\\\/agora\\\/wp-content\\\/uploads\\\/2021\\\/04\\\/impressum.png\",\"contentUrl\":\"https:\\\/\\\/du-bist-grieche.de\\\/agora\\\/wp-content\\\/uploads\\\/2021\\\/04\\\/impressum.png\",\"width\":234,\"height\":185},{\"@type\":\"BreadcrumbList\",\"@id\":\"https:\\\/\\\/du-bist-grieche.de\\\/agora\\\/impressum#breadcrumb\",\"itemListElement\":[{\"@type\":\"ListItem\",\"position\":1,\"name\":\"Startseite\",\"item\":\"https:\\\/\\\/du-bist-grieche.de\\\/agora\\\/\"},{\"@type\":\"ListItem\",\"position\":2,\"name\":\"Impressum\"}]},{\"@type\":\"WebSite\",\"@id\":\"https:\\\/\\\/du-bist-grieche.de\\\/agora\\\/#website\",\"url\":\"https:\\\/\\\/du-bist-grieche.de\\\/agora\\\/\",\"name\":\"AGORA griechisches Branchenbuch\",\"description\":\"\",\"publisher\":{\"@id\":\"https:\\\/\\\/du-bist-grieche.de\\\/agora\\\/#organization\"},\"alternateName\":\"Das griechische Branchenbuch\",\"potentialAction\":[{\"@type\":\"SearchAction\",\"target\":{\"@type\":\"EntryPoint\",\"urlTemplate\":\"https:\\\/\\\/du-bist-grieche.de\\\/agora\\\/?s={search_term_string}\"},\"query-input\":{\"@type\":\"PropertyValueSpecification\",\"valueRequired\":true,\"valueName\":\"search_term_string\"}}],\"inLanguage\":\"de\"},{\"@type\":\"Organization\",\"@id\":\"https:\\\/\\\/du-bist-grieche.de\\\/agora\\\/#organization\",\"name\":\"AGORA by DU BIST GRIECHE\",\"alternateName\":\"Das griechische Branchenbuch\",\"url\":\"https:\\\/\\\/du-bist-grieche.de\\\/agora\\\/\",\"logo\":{\"@type\":\"ImageObject\",\"inLanguage\":\"de\",\"@id\":\"https:\\\/\\\/du-bist-grieche.de\\\/agora\\\/#\\\/schema\\\/logo\\\/image\\\/\",\"url\":\"https:\\\/\\\/du-bist-grieche.de\\\/agora\\\/wp-content\\\/uploads\\\/2016\\\/08\\\/du-bist-grieche-web-favicon.jpg\",\"contentUrl\":\"https:\\\/\\\/du-bist-grieche.de\\\/agora\\\/wp-content\\\/uploads\\\/2016\\\/08\\\/du-bist-grieche-web-favicon.jpg\",\"width\":512,\"height\":512,\"caption\":\"AGORA by DU BIST GRIECHE\"},\"image\":{\"@id\":\"https:\\\/\\\/du-bist-grieche.de\\\/agora\\\/#\\\/schema\\\/logo\\\/image\\\/\"},\"sameAs\":[\"https:\\\/\\\/www.facebook.com\\\/DuBistGrieche\\\/\",\"https:\\\/\\\/www.instagram.com\\\/dubistgrieche\\\/\"]}]}<\/script>\n<!-- \/ Yoast SEO plugin. -->","yoast_head_json":{"title":"Impressum - AGORA griechisches Branchenbuch","robots":{"index":"index","follow":"follow","max-snippet":"max-snippet:-1","max-image-preview":"max-image-preview:large","max-video-preview":"max-video-preview:-1"},"canonical":"https:\/\/du-bist-grieche.de\/agora\/impressum","og_locale":"de_DE","og_type":"article","og_title":"Impressum - AGORA griechisches Branchenbuch","og_description":"Inhaltlich verantwortlich gem\u00e4\u00df \u00a7 55 Abs. 2 RStV: Unsere AGB zum Branchenbuch im Detail. Datenschutz AGORA ist ein Online-Branchenbuch f\u00fcr griechische Firmen, um sich im deutschsprachigen Raum zeitgem\u00e4\u00df pr\u00e4sentieren zu k\u00f6nnen. Hierbei werden durch du-bist-grieche.de personenbezogene Daten von Ansprechpartnern sowie erforderliche Daten zur Zahlungsabwicklung im Rahmen der Vertragserf\u00fcllung verarbeitet. Ohne diese Daten ist eine Vertragsdurchf\u00fchrung&hellip;","og_url":"https:\/\/du-bist-grieche.de\/agora\/impressum","og_site_name":"AGORA griechisches Branchenbuch","article_publisher":"https:\/\/www.facebook.com\/DuBistGrieche\/","article_modified_time":"2021-04-08T18:04:15+00:00","og_image":[{"url":"https:\/\/du-bist-grieche.de\/agora\/wp-content\/uploads\/2021\/04\/impressum.png","type":"","width":"","height":""}],"twitter_card":"summary_large_image","twitter_misc":{"Gesch\u00e4tzte Lesezeit":"3\u00a0Minuten"},"schema":{"@context":"https:\/\/schema.org","@graph":[{"@type":"WebPage","@id":"https:\/\/du-bist-grieche.de\/agora\/impressum","url":"https:\/\/du-bist-grieche.de\/agora\/impressum","name":"Impressum - AGORA griechisches Branchenbuch","isPartOf":{"@id":"https:\/\/du-bist-grieche.de\/agora\/#website"},"primaryImageOfPage":{"@id":"https:\/\/du-bist-grieche.de\/agora\/impressum#primaryimage"},"image":{"@id":"https:\/\/du-bist-grieche.de\/agora\/impressum#primaryimage"},"thumbnailUrl":"https:\/\/du-bist-grieche.de\/agora\/wp-content\/uploads\/2021\/04\/impressum.png","datePublished":"2016-08-15T20:56:25+00:00","dateModified":"2021-04-08T18:04:15+00:00","breadcrumb":{"@id":"https:\/\/du-bist-grieche.de\/agora\/impressum#breadcrumb"},"inLanguage":"de","potentialAction":[{"@type":"ReadAction","target":["https:\/\/du-bist-grieche.de\/agora\/impressum"]}]},{"@type":"ImageObject","inLanguage":"de","@id":"https:\/\/du-bist-grieche.de\/agora\/impressum#primaryimage","url":"https:\/\/du-bist-grieche.de\/agora\/wp-content\/uploads\/2021\/04\/impressum.png","contentUrl":"https:\/\/du-bist-grieche.de\/agora\/wp-content\/uploads\/2021\/04\/impressum.png","width":234,"height":185},{"@type":"BreadcrumbList","@id":"https:\/\/du-bist-grieche.de\/agora\/impressum#breadcrumb","itemListElement":[{"@type":"ListItem","position":1,"name":"Startseite","item":"https:\/\/du-bist-grieche.de\/agora\/"},{"@type":"ListItem","position":2,"name":"Impressum"}]},{"@type":"WebSite","@id":"https:\/\/du-bist-grieche.de\/agora\/#website","url":"https:\/\/du-bist-grieche.de\/agora\/","name":"AGORA griechisches Branchenbuch","description":"","publisher":{"@id":"https:\/\/du-bist-grieche.de\/agora\/#organization"},"alternateName":"Das griechische Branchenbuch","potentialAction":[{"@type":"SearchAction","target":{"@type":"EntryPoint","urlTemplate":"https:\/\/du-bist-grieche.de\/agora\/?s={search_term_string}"},"query-input":{"@type":"PropertyValueSpecification","valueRequired":true,"valueName":"search_term_string"}}],"inLanguage":"de"},{"@type":"Organization","@id":"https:\/\/du-bist-grieche.de\/agora\/#organization","name":"AGORA by DU BIST GRIECHE","alternateName":"Das griechische Branchenbuch","url":"https:\/\/du-bist-grieche.de\/agora\/","logo":{"@type":"ImageObject","inLanguage":"de","@id":"https:\/\/du-bist-grieche.de\/agora\/#\/schema\/logo\/image\/","url":"https:\/\/du-bist-grieche.de\/agora\/wp-content\/uploads\/2016\/08\/du-bist-grieche-web-favicon.jpg","contentUrl":"https:\/\/du-bist-grieche.de\/agora\/wp-content\/uploads\/2016\/08\/du-bist-grieche-web-favicon.jpg","width":512,"height":512,"caption":"AGORA by DU BIST GRIECHE"},"image":{"@id":"https:\/\/du-bist-grieche.de\/agora\/#\/schema\/logo\/image\/"},"sameAs":["https:\/\/www.facebook.com\/DuBistGrieche\/","https:\/\/www.instagram.com\/dubistgrieche\/"]}]}},"_links":{"self":[{"href":"https:\/\/du-bist-grieche.de\/agora\/wp-json\/wp\/v2\/pages\/217","targetHints":{"allow":["GET"]}}],"collection":[{"href":"https:\/\/du-bist-grieche.de\/agora\/wp-json\/wp\/v2\/pages"}],"about":[{"href":"https:\/\/du-bist-grieche.de\/agora\/wp-json\/wp\/v2\/types\/page"}],"author":[{"embeddable":true,"href":"https:\/\/du-bist-grieche.de\/agora\/wp-json\/wp\/v2\/users\/1"}],"replies":[{"embeddable":true,"href":"https:\/\/du-bist-grieche.de\/agora\/wp-json\/wp\/v2\/comments?post=217"}],"version-history":[{"count":29,"href":"https:\/\/du-bist-grieche.de\/agora\/wp-json\/wp\/v2\/pages\/217\/revisions"}],"predecessor-version":[{"id":3212,"href":"https:\/\/du-bist-grieche.de\/agora\/wp-json\/wp\/v2\/pages\/217\/revisions\/3212"}],"wp:attachment":[{"href":"https:\/\/du-bist-grieche.de\/agora\/wp-json\/wp\/v2\/media?parent=217"}],"curies":[{"name":"wp","href":"https:\/\/api.w.org\/{rel}","templated":true}]}}