{"id":2521,"date":"2018-11-08T12:30:58","date_gmt":"2018-11-08T11:30:58","guid":{"rendered":"https:\/\/du-bist-grieche.de\/agora\/?page_id=2521"},"modified":"2022-12-13T00:46:14","modified_gmt":"2022-12-12T23:46:14","slug":"griechisches-branchenbuch-fuer-selbststaendige-unternehmen","status":"publish","type":"page","link":"https:\/\/du-bist-grieche.de\/agora\/griechisches-branchenbuch-fuer-selbststaendige-unternehmen","title":{"rendered":"Griechisches Branchenbuch f\u00fcr Selbstst\u00e4ndige &#038; Unternehmen"},"content":{"rendered":"<p>&gt; <a style=\"color: #9b9b9b;\" href=\"https:\/\/du-bist-grieche.de\/agora\/du-bist-grieche-agora-sta-ellinika\" target=\"_blank\" rel=\"noopener noreferrer\">\u0394\u03b5\u03af\u03c4\u03b5 \u03c4\u03bf \u03ac\u03c1\u03b8\u03c1\u03bf \u03c3\u03c4\u03b1 \u0395\u03bb\u03bb\u03b7\u03bd\u03b9\u03ba\u03ac<\/a><\/p>\n<p>AGORA ist das f\u00fchrende griechische Online-Branchenbuch, das Unternehmen aller Gr\u00f6\u00dfen und Branchen umfassend pr\u00e4sentiert. Auf unserer Website finden Sie detaillierte Informationen zu tausenden von Unternehmen in Griechenland, einschlie\u00dflich Kontaktdaten, \u00d6ffnungszeiten, Produkten und Dienstleistungen.<\/p>\n<p>Das Ziel von AGORA ist es, Unternehmen und Kunden zusammenzubringen und ihnen zu helfen, sich gegenseitig zu finden und zu connecten. Wir bieten umfassende Such- und Filterfunktionen, damit Nutzer schnell und einfach das finden k\u00f6nnen, wonach sie suchen. Zudem bieten wir Unternehmen die M\u00f6glichkeit, ihre Profile zu verbessern und ihre Sichtbarkeit zu erh\u00f6hen, um mehr Kunden zu erreichen.<\/p>\n<p>AGORA ist der ideale Ort, um nach griechischen Unternehmen zu suchen und sich \u00fcber deren Angebote und Dienstleistungen zu informieren. Besuchen Sie uns jetzt auf unserer Website und entdecken Sie die vielf\u00e4ltigen M\u00f6glichkeiten, die AGORA bietet.<\/p>\n<p>Seit 2015 versorgen wir Griechen und Hellas-Liebhaber aus dem deutschsprachigen Raum mit emotionalen Inhalten und haben uns so eine der gr\u00f6\u00dften Communities Deutschlands aufgebaut. Mehr Infos zum Projekt <a href=\"http:\/\/du-bist-grieche.de\/ueber-uns\" target=\"_blank\" rel=\"noopener noreferrer\">DU BIST GRIECHE<\/a>.<\/p>\n<p>Mit der steigenden Anfrage auf unsere Inhalte und Produkte, stieg auch die Beliebtheit unserer Marke. Ein griechisches Branchenbuch oder Gewerbeverzeichnis ist sicherlich keine neue Idee, doch ein Teil der gro\u00dfen DU BIST GRIECHE Community zu werden ist Einzigartig. Wir m\u00f6chten auch Unternehmen die Chance geben dieses Projekt zu unterst\u00fctzen und seine Vorteile f\u00fcr sich zu nutzen.<\/p>\n<p><img loading=\"lazy\" decoding=\"async\" class=\"aligncenter size-full\" src=\"http:\/\/du-bist-grieche.de\/wp-content\/uploads\/2017\/12\/tasse-geschenk-griechenland-595x397.jpg\" alt=\"DU BIST GRIECHE Produkte\" width=\"595\" height=\"397\" \/><\/p>\n<p>Die gewerblichen Anfragen von Unternehmen an uns h\u00e4uften sich und wir wollten eine gemeinsame Plattform schaffen, um griechische Unternehmen zu vernetzen und f\u00fcr Kunden mit diesen Bed\u00fcrfnissen \u00fcber Google erreichbar zu machen. Schnell kommt man an als Kunde an seine Grenzen, wenn man nach griechischer Steuerberater oder griechischer Arzt googlet. Wir schlie\u00dfen diese L\u00fccke!<\/p>\n<p>AGORA by DU BIST GRIECHE ist unsere Antwort auf berufliche Vernetzung, griechische Identit\u00e4t und Integration. Wir schlie\u00dfen niemanden aus &#8211; jeder darf hier suchen und finden. <strong>Werde Teil des gro\u00dfen DU BST GRIECHE Kosmos!<\/strong><\/p>\n<hr \/>\n<h2>Hier ein kurzes Video worum es geht<\/h2>\n<p><script src=\"https:\/\/fast.wistia.com\/embed\/medias\/hni3k9bmia.jsonp\" async=\"\"><\/script><script src=\"https:\/\/fast.wistia.com\/assets\/external\/E-v1.js\" async=\"\"><\/script><\/p>\n<div class=\"wistia_responsive_padding\" style=\"padding: 56.25% 0 0 0; position: relative;\">\n<div class=\"wistia_responsive_wrapper\" style=\"height: 100%; left: 0; position: absolute; top: 0; width: 100%;\">\n<div class=\"wistia_embed wistia_async_hni3k9bmia seo=false videoFoam=true autoPlay=false\" style=\"height: 100%; width: 100%;\"><\/div>\n<\/div>\n<\/div>\n<h2>3 Fragen an griechische Selbstst\u00e4ndige&#8230;<\/h2>\n<ol>\n<li>Hast du eine Firma und kennst DU BIST GRIECHE schon?<\/li>\n<li>Haben deine Produkte oder Dienstleistungen direkt oder indirekt mit Griechenland zutun?<\/li>\n<li>Suchst du nach neuen Kunden und hast Lust zus\u00e4tzlich griechische Kunden oder Hellas-Liebhaber zu gewinnen?<\/li>\n<\/ol>\n<p>Wenn du mindestens eine dieser Fragen mit JA beantworten konntest, dann w\u00fcrden wir uns freuen dich und deinen Betrieb f\u00fcr unser griechisches Branchenbuch AGORA zu gewinnen.<\/p>\n<hr \/>\n<h2>8 Gr\u00fcnde warum du bei AGORA dabei sein solltest!<\/h2>\n<ol>\n<li>Werde zus\u00e4tzlich bei Google gefunden!<\/li>\n<li>Hast du keine (gute) Website? Nutze zus\u00e4tzlich dein AGORA-Firmenprofil<\/li>\n<li>Finde neue Kunden<\/li>\n<li>Moderne und sch\u00f6ne Internetwerbung<\/li>\n<li>Du bekommst eine Rechnung inkl. MwSt f\u00fcr deine Steuer<\/li>\n<li>Du kannst jederzeit k\u00fcndigen und bist zum n\u00e4chsten Abrechnungszyklus raus.<\/li>\n<li>Werde Teil der cooles griechischen Community und unterst\u00fctze DU BIST GRIECHE<\/li>\n<li>Nutze die weiteren <a href=\"http:\/\/du-bist-grieche.de\/werbung\" target=\"_blank\" rel=\"noopener noreferrer\">Werbem\u00f6glichkeiten von DU BIST GRIECHE<\/a><\/li>\n<\/ol>\n<hr \/>\n<div class=\"su-button-center\"><a href=\"https:\/\/du-bist-grieche.de\/agora\/add-your-listing\" class=\"su-button su-button-style-flat su-button-wide\" style=\"color:#FFFFFF;background-color:#1d60ad;border-color:#184d8b;border-radius:5px\" target=\"_self\"><span style=\"color:#FFFFFF;padding:7px 22px;font-size:17px;line-height:26px;border-color:#6190c6;border-radius:5px;text-shadow:none\"><i class=\"sui sui-heart\" style=\"font-size:17px;color:#FFFFFF\"><\/i> Hier klicken und Preise ansehen<\/span><\/a><\/div>\n","protected":false},"excerpt":{"rendered":"<p>&gt; \u0394\u03b5\u03af\u03c4\u03b5 \u03c4\u03bf \u03ac\u03c1\u03b8\u03c1\u03bf \u03c3\u03c4\u03b1 \u0395\u03bb\u03bb\u03b7\u03bd\u03b9\u03ba\u03ac AGORA ist das f\u00fchrende griechische Online-Branchenbuch, das Unternehmen aller Gr\u00f6\u00dfen und Branchen umfassend pr\u00e4sentiert. Auf unserer Website finden Sie detaillierte Informationen zu tausenden von Unternehmen in Griechenland, einschlie\u00dflich Kontaktdaten, \u00d6ffnungszeiten, Produkten und Dienstleistungen. Das Ziel von AGORA ist es, Unternehmen und Kunden zusammenzubringen und ihnen zu helfen, sich gegenseitig&hellip;<\/p>\n","protected":false},"author":1,"featured_media":0,"parent":0,"menu_order":0,"comment_status":"closed","ping_status":"closed","template":"","meta":{"inline_featured_image":false,"footnotes":""},"class_list":["post-2521","page","type-page","status-publish","hentry","content-box content-box-wrapper"],"yoast_head":"<!-- This site is optimized with the Yoast SEO plugin v27.4 - https:\/\/yoast.com\/product\/yoast-seo-wordpress\/ -->\n<title>Griechisches Branchenbuch f\u00fcr Selbstst\u00e4ndige &amp; Unternehmen - AGORA griechisches Branchenbuch<\/title>\n<meta name=\"description\" content=\"Wir vernetzen griechische Unternehmen und machen sie f\u00fcr Kunden mit diesen Bed\u00fcrfnissen \u00fcber Google erreichbar. Werde Teil des gro\u00dfen DU BST GRIECHE Kosmos!\" \/>\n<meta name=\"robots\" content=\"index, follow, max-snippet:-1, max-image-preview:large, max-video-preview:-1\" \/>\n<link rel=\"canonical\" href=\"https:\/\/du-bist-grieche.de\/agora\/griechisches-branchenbuch-fuer-selbststaendige-unternehmen\" \/>\n<meta property=\"og:locale\" content=\"de_DE\" \/>\n<meta property=\"og:type\" content=\"article\" \/>\n<meta property=\"og:title\" content=\"Griechisches Branchenbuch f\u00fcr Selbstst\u00e4ndige &amp; Unternehmen - AGORA griechisches Branchenbuch\" \/>\n<meta property=\"og:description\" content=\"Wir vernetzen griechische Unternehmen und machen sie f\u00fcr Kunden mit diesen Bed\u00fcrfnissen \u00fcber Google erreichbar. Werde Teil des gro\u00dfen DU BST GRIECHE Kosmos!\" \/>\n<meta property=\"og:url\" content=\"https:\/\/du-bist-grieche.de\/agora\/griechisches-branchenbuch-fuer-selbststaendige-unternehmen\" \/>\n<meta property=\"og:site_name\" content=\"AGORA griechisches Branchenbuch\" \/>\n<meta property=\"article:publisher\" content=\"https:\/\/www.facebook.com\/DuBistGrieche\/\" \/>\n<meta property=\"article:modified_time\" content=\"2022-12-12T23:46:14+00:00\" \/>\n<meta property=\"og:image\" content=\"http:\/\/du-bist-grieche.de\/wp-content\/uploads\/2017\/12\/tasse-geschenk-griechenland-595x397.jpg\" \/>\n<meta name=\"twitter:card\" content=\"summary_large_image\" \/>\n<meta name=\"twitter:label1\" content=\"Gesch\u00e4tzte Lesezeit\" \/>\n\t<meta name=\"twitter:data1\" content=\"3\u00a0Minuten\" \/>\n<script type=\"application\/ld+json\" class=\"yoast-schema-graph\">{\"@context\":\"https:\\\/\\\/schema.org\",\"@graph\":[{\"@type\":\"WebPage\",\"@id\":\"https:\\\/\\\/du-bist-grieche.de\\\/agora\\\/griechisches-branchenbuch-fuer-selbststaendige-unternehmen\",\"url\":\"https:\\\/\\\/du-bist-grieche.de\\\/agora\\\/griechisches-branchenbuch-fuer-selbststaendige-unternehmen\",\"name\":\"Griechisches Branchenbuch f\u00fcr Selbstst\u00e4ndige & Unternehmen - AGORA griechisches Branchenbuch\",\"isPartOf\":{\"@id\":\"https:\\\/\\\/du-bist-grieche.de\\\/agora\\\/#website\"},\"primaryImageOfPage\":{\"@id\":\"https:\\\/\\\/du-bist-grieche.de\\\/agora\\\/griechisches-branchenbuch-fuer-selbststaendige-unternehmen#primaryimage\"},\"image\":{\"@id\":\"https:\\\/\\\/du-bist-grieche.de\\\/agora\\\/griechisches-branchenbuch-fuer-selbststaendige-unternehmen#primaryimage\"},\"thumbnailUrl\":\"http:\\\/\\\/du-bist-grieche.de\\\/wp-content\\\/uploads\\\/2017\\\/12\\\/tasse-geschenk-griechenland-595x397.jpg\",\"datePublished\":\"2018-11-08T11:30:58+00:00\",\"dateModified\":\"2022-12-12T23:46:14+00:00\",\"description\":\"Wir vernetzen griechische Unternehmen und machen sie f\u00fcr Kunden mit diesen Bed\u00fcrfnissen \u00fcber Google erreichbar. Werde Teil des gro\u00dfen DU BST GRIECHE Kosmos!\",\"breadcrumb\":{\"@id\":\"https:\\\/\\\/du-bist-grieche.de\\\/agora\\\/griechisches-branchenbuch-fuer-selbststaendige-unternehmen#breadcrumb\"},\"inLanguage\":\"de\",\"potentialAction\":[{\"@type\":\"ReadAction\",\"target\":[\"https:\\\/\\\/du-bist-grieche.de\\\/agora\\\/griechisches-branchenbuch-fuer-selbststaendige-unternehmen\"]}]},{\"@type\":\"ImageObject\",\"inLanguage\":\"de\",\"@id\":\"https:\\\/\\\/du-bist-grieche.de\\\/agora\\\/griechisches-branchenbuch-fuer-selbststaendige-unternehmen#primaryimage\",\"url\":\"http:\\\/\\\/du-bist-grieche.de\\\/wp-content\\\/uploads\\\/2017\\\/12\\\/tasse-geschenk-griechenland-595x397.jpg\",\"contentUrl\":\"http:\\\/\\\/du-bist-grieche.de\\\/wp-content\\\/uploads\\\/2017\\\/12\\\/tasse-geschenk-griechenland-595x397.jpg\"},{\"@type\":\"BreadcrumbList\",\"@id\":\"https:\\\/\\\/du-bist-grieche.de\\\/agora\\\/griechisches-branchenbuch-fuer-selbststaendige-unternehmen#breadcrumb\",\"itemListElement\":[{\"@type\":\"ListItem\",\"position\":1,\"name\":\"Startseite\",\"item\":\"https:\\\/\\\/du-bist-grieche.de\\\/agora\\\/\"},{\"@type\":\"ListItem\",\"position\":2,\"name\":\"Griechisches Branchenbuch f\u00fcr Selbstst\u00e4ndige &#038; Unternehmen\"}]},{\"@type\":\"WebSite\",\"@id\":\"https:\\\/\\\/du-bist-grieche.de\\\/agora\\\/#website\",\"url\":\"https:\\\/\\\/du-bist-grieche.de\\\/agora\\\/\",\"name\":\"AGORA griechisches Branchenbuch\",\"description\":\"\",\"publisher\":{\"@id\":\"https:\\\/\\\/du-bist-grieche.de\\\/agora\\\/#organization\"},\"alternateName\":\"Das griechische Branchenbuch\",\"potentialAction\":[{\"@type\":\"SearchAction\",\"target\":{\"@type\":\"EntryPoint\",\"urlTemplate\":\"https:\\\/\\\/du-bist-grieche.de\\\/agora\\\/?s={search_term_string}\"},\"query-input\":{\"@type\":\"PropertyValueSpecification\",\"valueRequired\":true,\"valueName\":\"search_term_string\"}}],\"inLanguage\":\"de\"},{\"@type\":\"Organization\",\"@id\":\"https:\\\/\\\/du-bist-grieche.de\\\/agora\\\/#organization\",\"name\":\"AGORA by DU BIST GRIECHE\",\"alternateName\":\"Das griechische Branchenbuch\",\"url\":\"https:\\\/\\\/du-bist-grieche.de\\\/agora\\\/\",\"logo\":{\"@type\":\"ImageObject\",\"inLanguage\":\"de\",\"@id\":\"https:\\\/\\\/du-bist-grieche.de\\\/agora\\\/#\\\/schema\\\/logo\\\/image\\\/\",\"url\":\"https:\\\/\\\/du-bist-grieche.de\\\/agora\\\/wp-content\\\/uploads\\\/2016\\\/08\\\/du-bist-grieche-web-favicon.jpg\",\"contentUrl\":\"https:\\\/\\\/du-bist-grieche.de\\\/agora\\\/wp-content\\\/uploads\\\/2016\\\/08\\\/du-bist-grieche-web-favicon.jpg\",\"width\":512,\"height\":512,\"caption\":\"AGORA by DU BIST GRIECHE\"},\"image\":{\"@id\":\"https:\\\/\\\/du-bist-grieche.de\\\/agora\\\/#\\\/schema\\\/logo\\\/image\\\/\"},\"sameAs\":[\"https:\\\/\\\/www.facebook.com\\\/DuBistGrieche\\\/\",\"https:\\\/\\\/www.instagram.com\\\/dubistgrieche\\\/\"]}]}<\/script>\n<!-- \/ Yoast SEO plugin. -->","yoast_head_json":{"title":"Griechisches Branchenbuch f\u00fcr Selbstst\u00e4ndige & Unternehmen - AGORA griechisches Branchenbuch","description":"Wir vernetzen griechische Unternehmen und machen sie f\u00fcr Kunden mit diesen Bed\u00fcrfnissen \u00fcber Google erreichbar. Werde Teil des gro\u00dfen DU BST GRIECHE Kosmos!","robots":{"index":"index","follow":"follow","max-snippet":"max-snippet:-1","max-image-preview":"max-image-preview:large","max-video-preview":"max-video-preview:-1"},"canonical":"https:\/\/du-bist-grieche.de\/agora\/griechisches-branchenbuch-fuer-selbststaendige-unternehmen","og_locale":"de_DE","og_type":"article","og_title":"Griechisches Branchenbuch f\u00fcr Selbstst\u00e4ndige & Unternehmen - AGORA griechisches Branchenbuch","og_description":"Wir vernetzen griechische Unternehmen und machen sie f\u00fcr Kunden mit diesen Bed\u00fcrfnissen \u00fcber Google erreichbar. Werde Teil des gro\u00dfen DU BST GRIECHE Kosmos!","og_url":"https:\/\/du-bist-grieche.de\/agora\/griechisches-branchenbuch-fuer-selbststaendige-unternehmen","og_site_name":"AGORA griechisches Branchenbuch","article_publisher":"https:\/\/www.facebook.com\/DuBistGrieche\/","article_modified_time":"2022-12-12T23:46:14+00:00","og_image":[{"url":"http:\/\/du-bist-grieche.de\/wp-content\/uploads\/2017\/12\/tasse-geschenk-griechenland-595x397.jpg","type":"","width":"","height":""}],"twitter_card":"summary_large_image","twitter_misc":{"Gesch\u00e4tzte Lesezeit":"3\u00a0Minuten"},"schema":{"@context":"https:\/\/schema.org","@graph":[{"@type":"WebPage","@id":"https:\/\/du-bist-grieche.de\/agora\/griechisches-branchenbuch-fuer-selbststaendige-unternehmen","url":"https:\/\/du-bist-grieche.de\/agora\/griechisches-branchenbuch-fuer-selbststaendige-unternehmen","name":"Griechisches Branchenbuch f\u00fcr Selbstst\u00e4ndige & Unternehmen - AGORA griechisches Branchenbuch","isPartOf":{"@id":"https:\/\/du-bist-grieche.de\/agora\/#website"},"primaryImageOfPage":{"@id":"https:\/\/du-bist-grieche.de\/agora\/griechisches-branchenbuch-fuer-selbststaendige-unternehmen#primaryimage"},"image":{"@id":"https:\/\/du-bist-grieche.de\/agora\/griechisches-branchenbuch-fuer-selbststaendige-unternehmen#primaryimage"},"thumbnailUrl":"http:\/\/du-bist-grieche.de\/wp-content\/uploads\/2017\/12\/tasse-geschenk-griechenland-595x397.jpg","datePublished":"2018-11-08T11:30:58+00:00","dateModified":"2022-12-12T23:46:14+00:00","description":"Wir vernetzen griechische Unternehmen und machen sie f\u00fcr Kunden mit diesen Bed\u00fcrfnissen \u00fcber Google erreichbar. Werde Teil des gro\u00dfen DU BST GRIECHE Kosmos!","breadcrumb":{"@id":"https:\/\/du-bist-grieche.de\/agora\/griechisches-branchenbuch-fuer-selbststaendige-unternehmen#breadcrumb"},"inLanguage":"de","potentialAction":[{"@type":"ReadAction","target":["https:\/\/du-bist-grieche.de\/agora\/griechisches-branchenbuch-fuer-selbststaendige-unternehmen"]}]},{"@type":"ImageObject","inLanguage":"de","@id":"https:\/\/du-bist-grieche.de\/agora\/griechisches-branchenbuch-fuer-selbststaendige-unternehmen#primaryimage","url":"http:\/\/du-bist-grieche.de\/wp-content\/uploads\/2017\/12\/tasse-geschenk-griechenland-595x397.jpg","contentUrl":"http:\/\/du-bist-grieche.de\/wp-content\/uploads\/2017\/12\/tasse-geschenk-griechenland-595x397.jpg"},{"@type":"BreadcrumbList","@id":"https:\/\/du-bist-grieche.de\/agora\/griechisches-branchenbuch-fuer-selbststaendige-unternehmen#breadcrumb","itemListElement":[{"@type":"ListItem","position":1,"name":"Startseite","item":"https:\/\/du-bist-grieche.de\/agora\/"},{"@type":"ListItem","position":2,"name":"Griechisches Branchenbuch f\u00fcr Selbstst\u00e4ndige &#038; Unternehmen"}]},{"@type":"WebSite","@id":"https:\/\/du-bist-grieche.de\/agora\/#website","url":"https:\/\/du-bist-grieche.de\/agora\/","name":"AGORA griechisches Branchenbuch","description":"","publisher":{"@id":"https:\/\/du-bist-grieche.de\/agora\/#organization"},"alternateName":"Das griechische Branchenbuch","potentialAction":[{"@type":"SearchAction","target":{"@type":"EntryPoint","urlTemplate":"https:\/\/du-bist-grieche.de\/agora\/?s={search_term_string}"},"query-input":{"@type":"PropertyValueSpecification","valueRequired":true,"valueName":"search_term_string"}}],"inLanguage":"de"},{"@type":"Organization","@id":"https:\/\/du-bist-grieche.de\/agora\/#organization","name":"AGORA by DU BIST GRIECHE","alternateName":"Das griechische Branchenbuch","url":"https:\/\/du-bist-grieche.de\/agora\/","logo":{"@type":"ImageObject","inLanguage":"de","@id":"https:\/\/du-bist-grieche.de\/agora\/#\/schema\/logo\/image\/","url":"https:\/\/du-bist-grieche.de\/agora\/wp-content\/uploads\/2016\/08\/du-bist-grieche-web-favicon.jpg","contentUrl":"https:\/\/du-bist-grieche.de\/agora\/wp-content\/uploads\/2016\/08\/du-bist-grieche-web-favicon.jpg","width":512,"height":512,"caption":"AGORA by DU BIST GRIECHE"},"image":{"@id":"https:\/\/du-bist-grieche.de\/agora\/#\/schema\/logo\/image\/"},"sameAs":["https:\/\/www.facebook.com\/DuBistGrieche\/","https:\/\/www.instagram.com\/dubistgrieche\/"]}]}},"_links":{"self":[{"href":"https:\/\/du-bist-grieche.de\/agora\/wp-json\/wp\/v2\/pages\/2521","targetHints":{"allow":["GET"]}}],"collection":[{"href":"https:\/\/du-bist-grieche.de\/agora\/wp-json\/wp\/v2\/pages"}],"about":[{"href":"https:\/\/du-bist-grieche.de\/agora\/wp-json\/wp\/v2\/types\/page"}],"author":[{"embeddable":true,"href":"https:\/\/du-bist-grieche.de\/agora\/wp-json\/wp\/v2\/users\/1"}],"replies":[{"embeddable":true,"href":"https:\/\/du-bist-grieche.de\/agora\/wp-json\/wp\/v2\/comments?post=2521"}],"version-history":[{"count":23,"href":"https:\/\/du-bist-grieche.de\/agora\/wp-json\/wp\/v2\/pages\/2521\/revisions"}],"predecessor-version":[{"id":3602,"href":"https:\/\/du-bist-grieche.de\/agora\/wp-json\/wp\/v2\/pages\/2521\/revisions\/3602"}],"wp:attachment":[{"href":"https:\/\/du-bist-grieche.de\/agora\/wp-json\/wp\/v2\/media?parent=2521"}],"curies":[{"name":"wp","href":"https:\/\/api.w.org\/{rel}","templated":true}]}}