{"id":675,"date":"2016-09-02T19:43:53","date_gmt":"2016-09-02T17:43:53","guid":{"rendered":"https:\/\/du-bist-grieche.de\/agora\/?page_id=675"},"modified":"2018-01-16T14:34:59","modified_gmt":"2018-01-16T13:34:59","slug":"ueber-agora","status":"publish","type":"page","link":"https:\/\/du-bist-grieche.de\/agora\/ueber-agora","title":{"rendered":"\u00dcber AGORA"},"content":{"rendered":"<p><script src=\"https:\/\/fast.wistia.com\/embed\/medias\/hni3k9bmia.jsonp\" async><\/script><script src=\"https:\/\/fast.wistia.com\/assets\/external\/E-v1.js\" async><\/script><\/p>\n<div class=\"wistia_responsive_padding\" style=\"padding:56.25% 0 0 0;position:relative;\">\n<div class=\"wistia_responsive_wrapper\" style=\"height:100%;left:0;position:absolute;top:0;width:100%;\">\n<div class=\"wistia_embed wistia_async_hni3k9bmia seo=false videoFoam=true\" style=\"height:100%;width:100%\">&nbsp;<\/div>\n<\/div>\n<\/div>\n<div style=\"margin-bottom: 4em;\">\n<div style=\"line-height: 6.5vw; width: 100%; font-size: 5vw; font-weight: bold; background: #1d60ad; color: #fff; text-align: center; padding: 1em;\"><span style=\"text-transform: uppercase;\">Was ist AGORA?<\/span><\/div>\n<div style=\"width: 100%; line-height: 4.5vw; font-size: 3vw; font-weight: bold; background: #f9f9f9; color: #1d60ad; text-align: center; padding: 2em;\"><span style=\"text-transform: uppercase;\">AGORA Branchenbuch, ist das griechische Branchenbuch f\u00fcr den deutschsprachigen Raum. Wir bieten griechischen Firmen eine Plattform, um sich zu pr\u00e4sentieren. Wir verbinden Griechen.<\/span><\/div>\n<\/div>\n<div style=\"margin-bottom: 4em;\">\n<div style=\"line-height: 6.5vw; width: 100%; font-weight: bold; font-size: 5vw; background: #1d60ad; color: #fff; text-align: center; padding: 1em;\"><span style=\"text-transform: uppercase;\">Wer steckt dahinter?<\/span><\/div>\n<div style=\"width: 100%; font-weight: bold; line-height: 4.5vw; font-size: 3vw; background: #f9f9f9; color: #1d60ad; text-align: center; padding: 2em;\"><span style=\"text-transform: uppercase;\">Inspiriert vom griechischen Papa, gr\u00fcndetE Daniel Kontelis du-bist-grieche.de. Eine Website mit lustigen Griechen-spr\u00fcchen. Schnell kamen Tausende Fans zusammen. Aktuell sind online weit \u00fcber 1 Millionen monatliche interaktionen &#8211; tendenz steigend!<\/span><\/div>\n<\/div>\n<div style=\"margin-bottom: 4em;\">\n<div style=\"line-height: 4.5vw; width: 100%; font-weight: bold; font-size: 3vw; background: #f9f9f9; color: #1d60ad; text-align: center; padding: 2em;\"><span style=\"text-transform: uppercase;\">Griechen wollen zu Griechen, das ist einfach so. Von Sprachbarriere bis verbundenheit \u00fcber unterst\u00fczung seines gleichen, gibt es viele Gr\u00fcnde warum wir so ticken wie wir ticken &#8211; Wir halten zusammen.<\/span><\/div>\n<div style=\"line-height: 6.5vw; width: 100%; font-weight: bold; font-size: 5vw; background: #1d60ad; color: #fff; text-align: center; padding: 1em;\"><span style=\"text-transform: uppercase;\">Das Griechen wollen zu Griechen Prinzip!<\/span><\/div>\n<\/div>\n<div style=\"margin-bottom: 4em;\">\n<div style=\"line-height: 6.5vw; width: 100%; font-weight: bold; font-size: 5vw; background: #f9f9f9; color: #1d60ad; text-align: center; padding: 1em;\"><span style=\"text-transform: uppercase;\">Was kann Agora?<\/span><\/div>\n<div style=\"width: 100%; font-weight: bold; font-size: 3vw; line-height: 4.5vw; background: #1d60ad; color: #fff; text-align: center; padding: 2em;\"><span style=\"text-transform: uppercase;\">Mit Agora kannst Du deine<br \/>\nFirma onlne vorstellen. Sie wird auf einer Karte angezeigt und kann durch Kunden mit ihrem Handy-Standort gefunden werden. Nat\u00fcrlich ist der klassische weg der auflistung weiterhin m\u00f6glich.<\/span><\/div>\n<\/div>\n<div style=\"margin-bottom: 4em;\">\n<div style=\"line-height: 6.5vw; width: 100%; font-weight: bold; font-size: 5vw; background: #f9f9f9; color: #1d60ad; text-align: center; padding: 1em;\"><span style=\"text-transform: uppercase;\">Das wars?<\/span><\/div>\n<div style=\"width: 100%; font-weight: bold; font-size: 3vw; line-height: 4.5vw; background: #1d60ad; color: #fff; text-align: center; padding: 2em;\"><span style=\"text-transform: uppercase;\">Nein! Das ist erst der Anfang. Mit Agora kannst du einen<br \/>\neintrag anlegen und hast somit eine eigene firmenseite, die du selbst aktualisieren kannst.<\/span><\/div>\n<\/div>\n<div style=\"margin-bottom: 4em;\">\n<div style=\"line-height: 6.5vw; width: 100%; font-weight: bold; font-size: 5vw; background: #f9f9f9; color: #1d60ad; text-align: center; padding: 1em;\"><span style=\"text-transform: uppercase;\">Noch mehr<br \/>\nPro-Argumente?<br \/>\nKein Problem!<\/span><\/div>\n<div style=\"width: 100%; font-weight: bold; font-size: 3vw; line-height: 5.5vw; background: #1d60ad; color: #fff; text-align: left; padding: 2em;\"><span style=\"text-transform: uppercase;\">&#9632;&nbsp;&nbsp;<span style=\"border-bottom:0.2em solid #FFF;\">bei google gefunden werden!<\/span><br \/>\n&#9632;&nbsp;&nbsp;Griechen suchen Griechen<br \/>\n&#9632;&nbsp;&nbsp;Keine eigene Website? agora!<br \/>\n&#9632;&nbsp;&nbsp;Zeige dich deinen Kunden<br \/>\n&#9632;&nbsp;&nbsp;Finde neue Kunden<br \/>\n&#9632;&nbsp;&nbsp;g\u00fcnstige &#038; Moderne Werbung<br \/>\n&#9632;&nbsp;&nbsp;\u00c4ndere deinen Eintrag selbst<br \/>\n&#9632;&nbsp;&nbsp;KOSTEN Steuerlich absetzbar<\/span><\/div>\n<\/div>\n<div style=\"margin-bottom: 4em;\">\n<div style=\"line-height: 6.5vw; width: 100%; font-weight: bold; font-size: 5vw; background: #f9f9f9; color: #1d60ad; text-align: center;padding-top: 1em;\"><span style=\"text-transform: uppercase;\">Cooles Design!<\/span><br \/><span style=\"text-transform: uppercase;color:#bababa !important;\">Einfach benutzbar.<\/span><br \/>\n<img decoding=\"async\" style=\"width:100%;height:auto;\" src=\"https:\/\/du-bist-grieche.de\/agora\/wp-content\/uploads\/2016\/09\/imac-ueber-agora.png\" alt=\"imac-ueber-agora\" class=\"aligncenter size-full wp-image-753\" \/>\n<\/div>\n<div style=\"margin-bottom: 4em;\">\n<div style=\"width: 100%; font-weight: bold; font-size: 4vw; line-height: 5vw; background: #1d60ad; color: #fff; text-align: left; padding: 1em;padding-bottom:0;\">\n<span style=\"float:left;text-transform: uppercase;width:60%;\">Mobiloptimiert, Weil deine Kunden mit dem Handy Surfen <\/span><br \/>\n<img decoding=\"async\" src=\"https:\/\/du-bist-grieche.de\/agora\/wp-content\/uploads\/2016\/09\/iphone-ueber-agora.png\" alt=\"iphone-ueber-agora\" style=\"float:right;width:35%;margin-left:0.5em;\"\/><\/p>\n<div style=\"clear:both;\"><\/div>\n<\/div>\n<\/div>\n<div style=\"margin-bottom: 4em;\">\n<div style=\"line-height: 6.5vw; width: 100%; font-weight: bold; font-size: 5vw; background: #f9f9f9; color: #1d60ad; text-align: center; padding: 1em;\"><span style=\"text-transform: uppercase;\">Kleingedrucktes<br \/>\nKeine Lust.<\/span><\/div>\n<div style=\"width: 100%; font-weight: bold; font-size: 3vw; line-height: 5.5vw; background: #1d60ad; color: #fff; text-align: left; padding: 2em;\"><span style=\"text-transform: uppercase;\">&#9632;&nbsp;&nbsp;Online direkt BeZahlbar<br \/>\n&#9632;&nbsp;&nbsp;Mindestlaufzeit 6 Monate<br \/>\n&#9632;&nbsp;&nbsp;Automatische verl\u00e4ngerung<br \/>\n&#9632;&nbsp;&nbsp;Je 6 Wo. Vor ablauf K\u00fcndbar<\/span><\/div>\n<\/div>\n<div style=\"margin-bottom: 4em;\">\n<a href=\"https:\/\/du-bist-grieche.de\/agora\/preise\" style=\"cursor:pointer !important;\"><\/p>\n<div style=\"border:0.25em solid #1d60ad;line-height: 6.5vw; width: 100%; font-weight: bold; font-size: 5vw; background: #f9f9f9; text-align: center; padding: 1em;background-image:url('');background-size:cover;\"><span style=\"text-transform: uppercase;\">Jetzt Mitmachen!<br \/>Hier Klicken<\/span><\/div>\n<p><\/a>\n<\/div>\n","protected":false},"excerpt":{"rendered":"<p>&nbsp; Was ist AGORA? AGORA Branchenbuch, ist das griechische Branchenbuch f\u00fcr den deutschsprachigen Raum. Wir bieten griechischen Firmen eine Plattform, um sich zu pr\u00e4sentieren. Wir verbinden Griechen. Wer steckt dahinter? Inspiriert vom griechischen Papa, gr\u00fcndetE Daniel Kontelis du-bist-grieche.de. Eine Website mit lustigen Griechen-spr\u00fcchen. Schnell kamen Tausende Fans zusammen. Aktuell sind online weit \u00fcber 1 Millionen&hellip;<\/p>\n","protected":false},"author":1,"featured_media":706,"parent":0,"menu_order":0,"comment_status":"closed","ping_status":"closed","template":"page-templates\/template-full-width.php","meta":{"inline_featured_image":false,"footnotes":""},"class_list":["post-675","page","type-page","status-publish","has-post-thumbnail","hentry","content-box content-box-wrapper"],"yoast_head":"<!-- This site is optimized with the Yoast SEO plugin v27.4 - https:\/\/yoast.com\/product\/yoast-seo-wordpress\/ -->\n<title>\u00dcber AGORA - AGORA griechisches Branchenbuch<\/title>\n<meta name=\"robots\" content=\"index, follow, max-snippet:-1, max-image-preview:large, max-video-preview:-1\" \/>\n<link rel=\"canonical\" href=\"https:\/\/du-bist-grieche.de\/agora\/ueber-agora\" \/>\n<meta property=\"og:locale\" content=\"de_DE\" \/>\n<meta property=\"og:type\" content=\"article\" \/>\n<meta property=\"og:title\" content=\"\u00dcber AGORA - AGORA griechisches Branchenbuch\" \/>\n<meta property=\"og:description\" content=\"&nbsp; Was ist AGORA? AGORA Branchenbuch, ist das griechische Branchenbuch f\u00fcr den deutschsprachigen Raum. Wir bieten griechischen Firmen eine Plattform, um sich zu pr\u00e4sentieren. Wir verbinden Griechen. Wer steckt dahinter? Inspiriert vom griechischen Papa, gr\u00fcndetE Daniel Kontelis du-bist-grieche.de. Eine Website mit lustigen Griechen-spr\u00fcchen. Schnell kamen Tausende Fans zusammen. Aktuell sind online weit \u00fcber 1 Millionen&hellip;\" \/>\n<meta property=\"og:url\" content=\"https:\/\/du-bist-grieche.de\/agora\/ueber-agora\" \/>\n<meta property=\"og:site_name\" content=\"AGORA griechisches Branchenbuch\" \/>\n<meta property=\"article:publisher\" content=\"https:\/\/www.facebook.com\/DuBistGrieche\/\" \/>\n<meta property=\"article:modified_time\" content=\"2018-01-16T13:34:59+00:00\" \/>\n<meta property=\"og:image\" content=\"https:\/\/du-bist-grieche.de\/agora\/wp-content\/uploads\/2016\/09\/ueber-agora.jpg\" \/>\n\t<meta property=\"og:image:width\" content=\"1280\" \/>\n\t<meta property=\"og:image:height\" content=\"399\" \/>\n\t<meta property=\"og:image:type\" content=\"image\/jpeg\" \/>\n<meta name=\"twitter:card\" content=\"summary_large_image\" \/>\n<meta name=\"twitter:label1\" content=\"Gesch\u00e4tzte Lesezeit\" \/>\n\t<meta name=\"twitter:data1\" content=\"1\u00a0Minute\" \/>\n<script type=\"application\/ld+json\" class=\"yoast-schema-graph\">{\"@context\":\"https:\\\/\\\/schema.org\",\"@graph\":[{\"@type\":\"WebPage\",\"@id\":\"https:\\\/\\\/du-bist-grieche.de\\\/agora\\\/ueber-agora\",\"url\":\"https:\\\/\\\/du-bist-grieche.de\\\/agora\\\/ueber-agora\",\"name\":\"\u00dcber AGORA - AGORA griechisches Branchenbuch\",\"isPartOf\":{\"@id\":\"https:\\\/\\\/du-bist-grieche.de\\\/agora\\\/#website\"},\"primaryImageOfPage\":{\"@id\":\"https:\\\/\\\/du-bist-grieche.de\\\/agora\\\/ueber-agora#primaryimage\"},\"image\":{\"@id\":\"https:\\\/\\\/du-bist-grieche.de\\\/agora\\\/ueber-agora#primaryimage\"},\"thumbnailUrl\":\"https:\\\/\\\/du-bist-grieche.de\\\/agora\\\/wp-content\\\/uploads\\\/2016\\\/09\\\/ueber-agora.jpg\",\"datePublished\":\"2016-09-02T17:43:53+00:00\",\"dateModified\":\"2018-01-16T13:34:59+00:00\",\"breadcrumb\":{\"@id\":\"https:\\\/\\\/du-bist-grieche.de\\\/agora\\\/ueber-agora#breadcrumb\"},\"inLanguage\":\"de\",\"potentialAction\":[{\"@type\":\"ReadAction\",\"target\":[\"https:\\\/\\\/du-bist-grieche.de\\\/agora\\\/ueber-agora\"]}]},{\"@type\":\"ImageObject\",\"inLanguage\":\"de\",\"@id\":\"https:\\\/\\\/du-bist-grieche.de\\\/agora\\\/ueber-agora#primaryimage\",\"url\":\"https:\\\/\\\/du-bist-grieche.de\\\/agora\\\/wp-content\\\/uploads\\\/2016\\\/09\\\/ueber-agora.jpg\",\"contentUrl\":\"https:\\\/\\\/du-bist-grieche.de\\\/agora\\\/wp-content\\\/uploads\\\/2016\\\/09\\\/ueber-agora.jpg\",\"width\":1280,\"height\":399},{\"@type\":\"BreadcrumbList\",\"@id\":\"https:\\\/\\\/du-bist-grieche.de\\\/agora\\\/ueber-agora#breadcrumb\",\"itemListElement\":[{\"@type\":\"ListItem\",\"position\":1,\"name\":\"Startseite\",\"item\":\"https:\\\/\\\/du-bist-grieche.de\\\/agora\\\/\"},{\"@type\":\"ListItem\",\"position\":2,\"name\":\"\u00dcber AGORA\"}]},{\"@type\":\"WebSite\",\"@id\":\"https:\\\/\\\/du-bist-grieche.de\\\/agora\\\/#website\",\"url\":\"https:\\\/\\\/du-bist-grieche.de\\\/agora\\\/\",\"name\":\"AGORA griechisches Branchenbuch\",\"description\":\"\",\"publisher\":{\"@id\":\"https:\\\/\\\/du-bist-grieche.de\\\/agora\\\/#organization\"},\"alternateName\":\"Das griechische Branchenbuch\",\"potentialAction\":[{\"@type\":\"SearchAction\",\"target\":{\"@type\":\"EntryPoint\",\"urlTemplate\":\"https:\\\/\\\/du-bist-grieche.de\\\/agora\\\/?s={search_term_string}\"},\"query-input\":{\"@type\":\"PropertyValueSpecification\",\"valueRequired\":true,\"valueName\":\"search_term_string\"}}],\"inLanguage\":\"de\"},{\"@type\":\"Organization\",\"@id\":\"https:\\\/\\\/du-bist-grieche.de\\\/agora\\\/#organization\",\"name\":\"AGORA by DU BIST GRIECHE\",\"alternateName\":\"Das griechische Branchenbuch\",\"url\":\"https:\\\/\\\/du-bist-grieche.de\\\/agora\\\/\",\"logo\":{\"@type\":\"ImageObject\",\"inLanguage\":\"de\",\"@id\":\"https:\\\/\\\/du-bist-grieche.de\\\/agora\\\/#\\\/schema\\\/logo\\\/image\\\/\",\"url\":\"https:\\\/\\\/du-bist-grieche.de\\\/agora\\\/wp-content\\\/uploads\\\/2016\\\/08\\\/du-bist-grieche-web-favicon.jpg\",\"contentUrl\":\"https:\\\/\\\/du-bist-grieche.de\\\/agora\\\/wp-content\\\/uploads\\\/2016\\\/08\\\/du-bist-grieche-web-favicon.jpg\",\"width\":512,\"height\":512,\"caption\":\"AGORA by DU BIST GRIECHE\"},\"image\":{\"@id\":\"https:\\\/\\\/du-bist-grieche.de\\\/agora\\\/#\\\/schema\\\/logo\\\/image\\\/\"},\"sameAs\":[\"https:\\\/\\\/www.facebook.com\\\/DuBistGrieche\\\/\",\"https:\\\/\\\/www.instagram.com\\\/dubistgrieche\\\/\"]}]}<\/script>\n<!-- \/ Yoast SEO plugin. -->","yoast_head_json":{"title":"\u00dcber AGORA - AGORA griechisches Branchenbuch","robots":{"index":"index","follow":"follow","max-snippet":"max-snippet:-1","max-image-preview":"max-image-preview:large","max-video-preview":"max-video-preview:-1"},"canonical":"https:\/\/du-bist-grieche.de\/agora\/ueber-agora","og_locale":"de_DE","og_type":"article","og_title":"\u00dcber AGORA - AGORA griechisches Branchenbuch","og_description":"&nbsp; Was ist AGORA? AGORA Branchenbuch, ist das griechische Branchenbuch f\u00fcr den deutschsprachigen Raum. Wir bieten griechischen Firmen eine Plattform, um sich zu pr\u00e4sentieren. Wir verbinden Griechen. Wer steckt dahinter? Inspiriert vom griechischen Papa, gr\u00fcndetE Daniel Kontelis du-bist-grieche.de. Eine Website mit lustigen Griechen-spr\u00fcchen. Schnell kamen Tausende Fans zusammen. Aktuell sind online weit \u00fcber 1 Millionen&hellip;","og_url":"https:\/\/du-bist-grieche.de\/agora\/ueber-agora","og_site_name":"AGORA griechisches Branchenbuch","article_publisher":"https:\/\/www.facebook.com\/DuBistGrieche\/","article_modified_time":"2018-01-16T13:34:59+00:00","og_image":[{"width":1280,"height":399,"url":"https:\/\/du-bist-grieche.de\/agora\/wp-content\/uploads\/2016\/09\/ueber-agora.jpg","type":"image\/jpeg"}],"twitter_card":"summary_large_image","twitter_misc":{"Gesch\u00e4tzte Lesezeit":"1\u00a0Minute"},"schema":{"@context":"https:\/\/schema.org","@graph":[{"@type":"WebPage","@id":"https:\/\/du-bist-grieche.de\/agora\/ueber-agora","url":"https:\/\/du-bist-grieche.de\/agora\/ueber-agora","name":"\u00dcber AGORA - AGORA griechisches Branchenbuch","isPartOf":{"@id":"https:\/\/du-bist-grieche.de\/agora\/#website"},"primaryImageOfPage":{"@id":"https:\/\/du-bist-grieche.de\/agora\/ueber-agora#primaryimage"},"image":{"@id":"https:\/\/du-bist-grieche.de\/agora\/ueber-agora#primaryimage"},"thumbnailUrl":"https:\/\/du-bist-grieche.de\/agora\/wp-content\/uploads\/2016\/09\/ueber-agora.jpg","datePublished":"2016-09-02T17:43:53+00:00","dateModified":"2018-01-16T13:34:59+00:00","breadcrumb":{"@id":"https:\/\/du-bist-grieche.de\/agora\/ueber-agora#breadcrumb"},"inLanguage":"de","potentialAction":[{"@type":"ReadAction","target":["https:\/\/du-bist-grieche.de\/agora\/ueber-agora"]}]},{"@type":"ImageObject","inLanguage":"de","@id":"https:\/\/du-bist-grieche.de\/agora\/ueber-agora#primaryimage","url":"https:\/\/du-bist-grieche.de\/agora\/wp-content\/uploads\/2016\/09\/ueber-agora.jpg","contentUrl":"https:\/\/du-bist-grieche.de\/agora\/wp-content\/uploads\/2016\/09\/ueber-agora.jpg","width":1280,"height":399},{"@type":"BreadcrumbList","@id":"https:\/\/du-bist-grieche.de\/agora\/ueber-agora#breadcrumb","itemListElement":[{"@type":"ListItem","position":1,"name":"Startseite","item":"https:\/\/du-bist-grieche.de\/agora\/"},{"@type":"ListItem","position":2,"name":"\u00dcber AGORA"}]},{"@type":"WebSite","@id":"https:\/\/du-bist-grieche.de\/agora\/#website","url":"https:\/\/du-bist-grieche.de\/agora\/","name":"AGORA griechisches Branchenbuch","description":"","publisher":{"@id":"https:\/\/du-bist-grieche.de\/agora\/#organization"},"alternateName":"Das griechische Branchenbuch","potentialAction":[{"@type":"SearchAction","target":{"@type":"EntryPoint","urlTemplate":"https:\/\/du-bist-grieche.de\/agora\/?s={search_term_string}"},"query-input":{"@type":"PropertyValueSpecification","valueRequired":true,"valueName":"search_term_string"}}],"inLanguage":"de"},{"@type":"Organization","@id":"https:\/\/du-bist-grieche.de\/agora\/#organization","name":"AGORA by DU BIST GRIECHE","alternateName":"Das griechische Branchenbuch","url":"https:\/\/du-bist-grieche.de\/agora\/","logo":{"@type":"ImageObject","inLanguage":"de","@id":"https:\/\/du-bist-grieche.de\/agora\/#\/schema\/logo\/image\/","url":"https:\/\/du-bist-grieche.de\/agora\/wp-content\/uploads\/2016\/08\/du-bist-grieche-web-favicon.jpg","contentUrl":"https:\/\/du-bist-grieche.de\/agora\/wp-content\/uploads\/2016\/08\/du-bist-grieche-web-favicon.jpg","width":512,"height":512,"caption":"AGORA by DU BIST GRIECHE"},"image":{"@id":"https:\/\/du-bist-grieche.de\/agora\/#\/schema\/logo\/image\/"},"sameAs":["https:\/\/www.facebook.com\/DuBistGrieche\/","https:\/\/www.instagram.com\/dubistgrieche\/"]}]}},"_links":{"self":[{"href":"https:\/\/du-bist-grieche.de\/agora\/wp-json\/wp\/v2\/pages\/675","targetHints":{"allow":["GET"]}}],"collection":[{"href":"https:\/\/du-bist-grieche.de\/agora\/wp-json\/wp\/v2\/pages"}],"about":[{"href":"https:\/\/du-bist-grieche.de\/agora\/wp-json\/wp\/v2\/types\/page"}],"author":[{"embeddable":true,"href":"https:\/\/du-bist-grieche.de\/agora\/wp-json\/wp\/v2\/users\/1"}],"replies":[{"embeddable":true,"href":"https:\/\/du-bist-grieche.de\/agora\/wp-json\/wp\/v2\/comments?post=675"}],"version-history":[{"count":129,"href":"https:\/\/du-bist-grieche.de\/agora\/wp-json\/wp\/v2\/pages\/675\/revisions"}],"predecessor-version":[{"id":2040,"href":"https:\/\/du-bist-grieche.de\/agora\/wp-json\/wp\/v2\/pages\/675\/revisions\/2040"}],"wp:featuredmedia":[{"embeddable":true,"href":"https:\/\/du-bist-grieche.de\/agora\/wp-json\/wp\/v2\/media\/706"}],"wp:attachment":[{"href":"https:\/\/du-bist-grieche.de\/agora\/wp-json\/wp\/v2\/media?parent=675"}],"curies":[{"name":"wp","href":"https:\/\/api.w.org\/{rel}","templated":true}]}}